{"id":753,"date":"2017-06-10T14:00:33","date_gmt":"2017-06-10T14:00:33","guid":{"rendered":"http:\/\/mariofalchi.com\/home\/"},"modified":"2021-07-01T07:43:25","modified_gmt":"2021-07-01T07:43:25","slug":"home","status":"publish","type":"page","link":"http:\/\/mariofalchi.com\/it\/","title":{"rendered":"Home"},"content":{"rendered":"<p>[vc_row][vc_column offset=&#8221;vc_hidden-xs&#8221;]\n\n    <!--================Slider Area =================-->\n    <section             class=\"main_slider nav-space \">\n        <div class=\"slider_bg_inner\">\n            <div class=\"slider_bg owl-carousel\">\n\t\t\t\t                    <div class=\"item\">\n\t\t\t\t\t\t                            <img alt=\"\" src=\"http:\/\/mariofalchi.com\/wp-content\/uploads\/2021\/04\/176A6169.jpg\">\n\t\t\t\t\t\t\t                    <\/div>\n\t\t\t\t                    <div class=\"item\">\n\t\t\t\t\t\t                            <img alt=\"\" src=\"http:\/\/mariofalchi.com\/wp-content\/uploads\/2021\/04\/176A6608-2.jpg\">\n\t\t\t\t\t\t\t                    <\/div>\n\t\t\t\t                    <div class=\"item\">\n\t\t\t\t\t\t                            <img alt=\"\" src=\"http:\/\/mariofalchi.com\/wp-content\/uploads\/2021\/04\/176A7723.jpg\">\n\t\t\t\t\t\t\t                    <\/div>\n\t\t\t\t            <\/div>\n        <\/div>\n        <div class=\"text_slider_area\">\n            <div class=\"container\">\n                <div class=\"text_slider_inner\">\n                    <div class=\"text_slider owl-carousel\">\n\t\t\t\t\t\t                            <div class=\"item\">\n                                <h2>\n                                    <span>Albert Camus<\/span>\n\t\t\t\t\t\t\t\t\tNiente luci senza fiamme...                                <\/h2>\n                            <\/div>\n\t\t\t\t\t\t                            <div class=\"item\">\n                                <h2>\n                                    <span>Albert Camus<\/span>\n\t\t\t\t\t\t\t\t\tNiente luci senza fiamme...                                <\/h2>\n                            <\/div>\n\t\t\t\t\t\t                            <div class=\"item\">\n                                <h2>\n                                    <span>Albert Camus<\/span>\n\t\t\t\t\t\t\t\t\tNiente luci senza fiamme...                                <\/h2>\n                            <\/div>\n\t\t\t\t\t\t                    <\/div>\n                    <div class=\"home_screen_nav\">\n                        <i class=\"fa fa-angle-left testi_prev\" aria-hidden=\"true\"><\/i>\n                        <i class=\"fa fa-angle-right testi_next\" aria-hidden=\"true\"><\/i>\n                    <\/div>\n                <\/div>\n            <\/div>\n        <\/div>\n    <\/section>\n    <!--================End Slider hader Area =================-->\n\n\t[\/vc_column][\/vc_row][vc_row][vc_column]\n\n    <!--================Start About Area =================-->\n    <section  class=\"about-area \">\n    <div class=\"about-inner row m0\">\n        <div class=\"container\">\n            <div class=\"row\">\n\t\t\t\t                        <div class=\"col-md-6 about-content\">\n                            <div class=\"about-title\">\n                                <h2>Mario Falchi<\/h2>\n\t\t\t\t\t\t\t\t<p>Nell&#8217;arte tutto viene contemporaneamente o non arriva niente; niente luci senza fiamme.<\/p>\n<p><em>Albert Camus<\/em><\/p>\n                            <\/div>\n                            <div class=\"row\">\n\t\t\t\t\t\t\t\t                                    <div class=\"col-md-6 about-text\">\n\t\t\t\t\t\t\t\t\t\t                                            <p>\n\t\t\t\t\t\t\t\t\t\t\t\tNato il 26 Giugno 1969 a Bruxelles \u2013 Belgio \n\nSin da giovane, nel garage di casa, impar\u00f2 con suo padre che era saldatore professionale ad utilizzare i suoi attrezzi. Da sempre appassionato per l\u2019acciaio ed il fuoco,  oggi  realizza con questi materiali le sue opere.                                            <\/p>\n\t\t\t\t\t\t\t\t\t\t\t                                    <\/div>\n\t\t\t\t\t\t\t\t                                    <div class=\"col-md-6 about-text\">\n\t\t\t\t\t\t\t\t\t\t                                            <p>\n\t\t\t\t\t\t\t\t\t\t\t\tDopo aver lasciato il Belgio per installarsi a Monaco, ha passato pi\u00f9 di 33 anni facendo diversi mestieri ed infine, decide di realizzare il suo sogno, fare lo scultore !\n\nFu in un piccolo atelier italiano vicino alla frontiera francese che si inspir\u00f2 a realizzare le sue prime opere.                                             <\/p>\n\t\t\t\t\t\t\t\t\t\t\t                                    <\/div>\n\t\t\t\t\t\t\t\t                            <\/div>\n                        <\/div>\n                        <div class=\"col-md-6\">\n                            <div class=\"about-img\">\n\t\t\t\t\t\t\t\t<img src=\"http:\/\/mariofalchi.com\/wp-content\/uploads\/2021\/04\/Mario-1.jpg\"\n                                                                          alt=\"Mario Falchi\">                             <\/div>\n                        <\/div>\n\t\t\t\t\t\t            <\/div>\n        <\/div>\n    <\/div>\n    <\/section>\n\n\t\n\n    <div             class=\"full-about-sec full_pad \">\n        <div class=\"about-slider-left\">\n            <div class=\"about-slider owl-carousel\">\n\t\t\t\t                    <div class=\"item\">\n\t\t\t\t\t\t                            <img alt=\"\" src=\"http:\/\/mariofalchi.com\/wp-content\/uploads\/2021\/05\/DSC01650.jpg\">\n\t\t\t\t\t\t\t                    <\/div>\n\t\t\t\t                    <div class=\"item\">\n\t\t\t\t\t\t                            <img alt=\"\" src=\"http:\/\/mariofalchi.com\/wp-content\/uploads\/2021\/05\/DSC01640-1.jpg\">\n\t\t\t\t\t\t\t                    <\/div>\n\t\t\t\t            <\/div>\n            <div class=\"slider_nav\">\n                <i class=\"fa fa-angle-left testi_prev\" aria-hidden=\"true\"><\/i>\n                <i class=\"fa fa-angle-right testi_next\" aria-hidden=\"true\"><\/i>\n            <\/div>\n        <\/div>\n        <div class=\"about-slider-right\">\n            <div class=\"text-slider about-text owl-carousel\">\n\t\t\t\t                    <div class=\"item\">\n\t\t\t\t\t\t                            <p>\n\t\t\t\t\t\t\t\tMio padre ha lavorato praticamente tutta la sua vita nel capo della saldatura. Da piccolo trascorrevo i miei week-end con lui nel nostro garage, l\u2019osservavo mentre lavorava, saldava\u2026 ero affascinato; da che mi ricordo, ho sempre voluto dargli una mano ed imparare lavorando con lui\u2026 poi, quando ho cominciato a fondere l\u2019acciaio, vedere che si poteva saldare , che era resistente,  l\u2019adorai e lo trovai magico .                            <\/p>\n\t\t\t\t\t\t\t                            <p>\n\t\t\t\t\t\t\t\tHo lavorato tutta la mia vita in diversi campi, ed un giorno mi sono detto, dovrei riuscire a fare qualcosa con questo acciaio, con i ricordi e con gli insegnamenti che ho avuto la fortuna di ricevere da mio padre. Cosi\u2019 da quando ho avuto un po\u2019 di tempo libero, ho iniziato a lavorarci sopra\u2026                            <\/p>\n\t\t\t\t\t\t\t                    <\/div>\n\t\t\t\t                    <div class=\"item\">\n\t\t\t\t\t\t                            <p>\n\t\t\t\t\t\t\t\tAdoro l\u2019acciaio inossidabile, ed ho sempre voluto costruire qualche cosa per la casa con questo materiale, perch\u00e9 \u00e8 solido e non si arrugginisce.\nDel fuoco, non posso farne a meno\u2026 mio padre era di origine sarda, ed in Sardegna tutta la famiglia si riunisce introno ad un grande fuoco per trascorrere il tempo insieme. Quindi ho deciso di creare delle sculture che possano vivere attraverso il fuoco\u2026.\n                            <\/p>\n\t\t\t\t\t\t\t                            <p>\n\t\t\t\t\t\t\t\tLa luce\u2026. La luce sull\u2019acciaio, quando \u00e8 lavorato, riflette come su dei microspecchi. Per me, \u00e8 qualcosa che vive a pieno. Tutte le mie sculture sono animate dal fuoco e dalla luce\u2026. Spero possa piacere e che doni felicit\u00e0 anche agli altri.                            <\/p>\n\t\t\t\t\t\t\t                    <\/div>\n\t\t\t\t            <\/div>\n        <\/div>\n    <\/div>\n\n    <!--================End About Area =================-->\n\n\t\n\n    <!--================Start latest-news Area =================-->\n    <section             class=\"latest-news-area \">\n        <div class=\"container\">\n            <div class=\"sec-title\">\n                <h2>Le mie notizie<\/h2>\n                <p><\/p>\n            <\/div>\n            <div class=\"b-grid\">\n                <div class=\"row lt-news-items\">\n\t\t\t\t\t                            <div class=\"col-sm-6 lt-item \">\n                                <div class=\"media\">\n\n\t\t\t\t\t\t\t\t\t                                        <div class=\"media-left\">\n                                            <img src=\"http:\/\/mariofalchi.com\/wp-content\/uploads\/2021\/04\/Capture2-332x421.jpg\"\n                                                 alt=\"Art Riviera Tour\">\n                                        <\/div>\n\t\t\t\t\t\t\t\t\t                                    <div class=\"media-body\">\n                                        <h6 class=\"title-tag\">\n\t\t\t\t\t\t\t\t\t\t\t<a href=\"http:\/\/mariofalchi.com\/it\/category\/actu-it\/\">Notizia<\/a> <span class=\"cat_id d-none\">25<\/span>                                         <\/h6>\n                                        <h3>\n                                            <a href=\"http:\/\/mariofalchi.com\/it\/art-riviera-tour\/\">Art Riviera Tour<\/a>\n                                        <\/h3>\n\t\t\t\t\t\t\t\t\t\t<p>Nous y voil\u00e0 enfin, L\u2019\u00e9dition sp\u00e9ciale du Art Rivera Tour expose les \u0153uvres\u00a0de ses artistes \u00e0 Saint-Jean-Cap-Ferrat. Cette exposition\u00a0n\u2019aurait pu avoir lieu sans la confiance renouvel\u00e9e de Monsieur le Maire, Jean-Fran\u00e7ois Dieterich et celle de tous nos partenaires et artistes. Cette ann\u00e9e a \u00e9t\u00e9 difficile \u00e0 plus d\u2019un titre. C\u2019est avec une grande tristesse que [&hellip;]<\/p>\n                                    <\/div>\n                                <\/div>\n                            <\/div>\n\n\t\t\t\t\t\t\t                            <div class=\"col-sm-6 lt-item lt-item-pad\">\n                                <div class=\"media\">\n\n\t\t\t\t\t\t\t\t\t                                        <div class=\"media-left\">\n                                            <img src=\"http:\/\/mariofalchi.com\/wp-content\/uploads\/2021\/04\/Capture-332x421.jpg\"\n                                                 alt=\"I miei lavori a Multi Art Gallery\">\n                                        <\/div>\n\t\t\t\t\t\t\t\t\t                                    <div class=\"media-body\">\n                                        <h6 class=\"title-tag\">\n\t\t\t\t\t\t\t\t\t\t\t<a href=\"http:\/\/mariofalchi.com\/it\/category\/actu-it\/\">Notizia<\/a> <span class=\"cat_id d-none\">25<\/span>                                         <\/h6>\n                                        <h3>\n                                            <a href=\"http:\/\/mariofalchi.com\/it\/mes-oeuvres-chez-multi-art-gallery\/\">I miei lavori a Multi Art Gallery<\/a>\n                                        <\/h3>\n\t\t\t\t\t\t\t\t\t\t                                    <\/div>\n                                <\/div>\n                            <\/div>\n\n\t\t\t\t\t\t\t                <\/div>\n            <\/div>\n            <div class=\"see-btn\">\n                <a href=\"#\" class=\"btn load-btn load-more\">CARICA ALTRO<\/a>\n            <\/div>\n        <\/div>\n    <\/section>\n    <!--================End latest-news Area =================-->\n\t[\/vc_column][\/vc_row]<\/p>\n","protected":false},"excerpt":{"rendered":"<p>[\/vc_row]<\/p>\n","protected":false},"author":1,"featured_media":0,"parent":0,"menu_order":0,"comment_status":"closed","ping_status":"closed","template":"main-template.php","meta":[],"_links":{"self":[{"href":"http:\/\/mariofalchi.com\/it\/wp-json\/wp\/v2\/pages\/753"}],"collection":[{"href":"http:\/\/mariofalchi.com\/it\/wp-json\/wp\/v2\/pages"}],"about":[{"href":"http:\/\/mariofalchi.com\/it\/wp-json\/wp\/v2\/types\/page"}],"author":[{"embeddable":true,"href":"http:\/\/mariofalchi.com\/it\/wp-json\/wp\/v2\/users\/1"}],"replies":[{"embeddable":true,"href":"http:\/\/mariofalchi.com\/it\/wp-json\/wp\/v2\/comments?post=753"}],"version-history":[{"count":6,"href":"http:\/\/mariofalchi.com\/it\/wp-json\/wp\/v2\/pages\/753\/revisions"}],"predecessor-version":[{"id":781,"href":"http:\/\/mariofalchi.com\/it\/wp-json\/wp\/v2\/pages\/753\/revisions\/781"}],"wp:attachment":[{"href":"http:\/\/mariofalchi.com\/it\/wp-json\/wp\/v2\/media?parent=753"}],"curies":[{"name":"wp","href":"https:\/\/api.w.org\/{rel}","templated":true}]}}